{"id":7,"date":"2023-11-22T15:27:00","date_gmt":"2023-11-22T18:27:00","guid":{"rendered":"https:\/\/edificiotradetower.com.br\/?page_id=7"},"modified":"2023-11-22T19:17:41","modified_gmt":"2023-11-22T22:17:41","slug":"elementor-7","status":"publish","type":"page","link":"https:\/\/edificiotradetower.com.br\/","title":{"rendered":"Elementor #7"},"content":{"rendered":"<style>\/*! elementor - v3.17.0 - 08-11-2023 *\/\n.elementor-widget-image{text-align:center}.elementor-widget-image a{display:inline-block}.elementor-widget-image a img[src$=\".svg\"]{width:48px}.elementor-widget-image img{vertical-align:middle;display:inline-block}<\/style>\n<p>\t\t\t\t\t\t\t\t\t\t\t\t<img loading=\"lazy\" decoding=\"async\" width=\"150\" height=\"80\" src=\"https:\/\/edificiotradetower.com.br\/wp-content\/uploads\/2023\/11\/bd-1.png\" alt=\"\" \/>\t\t\t\t\t\t\t\t\t\t\t\t\t\t\t<\/p>\n<style>\/*! elementor - v3.17.0 - 08-11-2023 *\/\n.elementor-heading-title{padding:0;margin:0;line-height:1}.elementor-widget-heading .elementor-heading-title[class*=elementor-size-]>a{color:inherit;font-size:inherit;line-height:inherit}.elementor-widget-heading .elementor-heading-title.elementor-size-small{font-size:15px}.elementor-widget-heading .elementor-heading-title.elementor-size-medium{font-size:19px}.elementor-widget-heading .elementor-heading-title.elementor-size-large{font-size:29px}.elementor-widget-heading .elementor-heading-title.elementor-size-xl{font-size:39px}.elementor-widget-heading .elementor-heading-title.elementor-size-xxl{font-size:59px}<\/style>\n<h2>SITE EM<BR >MANUTEN\u00c7\u00c3O<\/h2>\n<h2>ESTAMOS PREPARANDO ALGO NOVO<\/h2>\n<p>Ol\u00e1, pessoal! Queria compartilhar uma novidade incr\u00edvel: estamos preparando um novo site! Fiquem ligados para conferir todas as novidades em breve!<\/p>\n<p>\t\t\t<a><br \/>\n                Loca\u00e7\u00f5es de salas<br \/>\n\t\t\t\t\t<\/a><br \/>\n\t\t\t\t Dias  Horas Minutos Segundos<\/p>\n","protected":false},"excerpt":{"rendered":"<p>SITE EMMANUTEN\u00c7\u00c3O ESTAMOS PREPARANDO ALGO NOVO Ol\u00e1, pessoal! Queria compartilhar uma novidade incr\u00edvel: estamos preparando um novo site! Fiquem ligados para conferir todas as novidades em breve! Loca\u00e7\u00f5es de salas Dias Horas Minutos Segundos<\/p>\n","protected":false},"author":1,"featured_media":0,"parent":0,"menu_order":0,"comment_status":"closed","ping_status":"closed","template":"elementor_canvas","meta":{"footnotes":""},"class_list":["post-7","page","type-page","status-publish","hentry"],"_links":{"self":[{"href":"https:\/\/edificiotradetower.com.br\/index.php\/wp-json\/wp\/v2\/pages\/7","targetHints":{"allow":["GET"]}}],"collection":[{"href":"https:\/\/edificiotradetower.com.br\/index.php\/wp-json\/wp\/v2\/pages"}],"about":[{"href":"https:\/\/edificiotradetower.com.br\/index.php\/wp-json\/wp\/v2\/types\/page"}],"author":[{"embeddable":true,"href":"https:\/\/edificiotradetower.com.br\/index.php\/wp-json\/wp\/v2\/users\/1"}],"replies":[{"embeddable":true,"href":"https:\/\/edificiotradetower.com.br\/index.php\/wp-json\/wp\/v2\/comments?post=7"}],"version-history":[{"count":16,"href":"https:\/\/edificiotradetower.com.br\/index.php\/wp-json\/wp\/v2\/pages\/7\/revisions"}],"predecessor-version":[{"id":61,"href":"https:\/\/edificiotradetower.com.br\/index.php\/wp-json\/wp\/v2\/pages\/7\/revisions\/61"}],"wp:attachment":[{"href":"https:\/\/edificiotradetower.com.br\/index.php\/wp-json\/wp\/v2\/media?parent=7"}],"curies":[{"name":"wp","href":"https:\/\/api.w.org\/{rel}","templated":true}]}}